{"id":378,"date":"2023-04-05T02:09:51","date_gmt":"2023-04-05T02:09:51","guid":{"rendered":"https:\/\/iv.pleasure-bay.com\/?page_id=378"},"modified":"2024-12-07T20:13:14","modified_gmt":"2024-12-07T20:13:14","slug":"impressum","status":"publish","type":"page","link":"https:\/\/www.pleasure-bay.com\/de\/impressum","title":{"rendered":"Impressum\/Imprint"},"content":{"rendered":"<h2 class=\"wp-block-heading\">PLEASURE BAY is organized by<\/h2>\n\n\n\n<p><\/p>\n\n\n\n\n\n<figure class=\"wp-block-table aligncenter\"><table class=\"has-fixed-layout\"><tbody><tr><td class=\"has-text-align-center\" data-align=\"center\"><img loading=\"lazy\" decoding=\"async\" width=\"150\" height=\"150\" class=\"wp-image-647\" style=\"width: 150px;\" src=\"https:\/\/iv.pleasure-bay.com\/wp-content\/uploads\/2024\/12\/sub.jpg\" alt=\"\" srcset=\"https:\/\/www.pleasure-bay.com\/wp-content\/uploads\/2024\/12\/sub.jpg 260w, https:\/\/www.pleasure-bay.com\/wp-content\/uploads\/2024\/12\/sub-150x150.jpg 150w, https:\/\/www.pleasure-bay.com\/wp-content\/uploads\/2024\/12\/sub-12x12.jpg 12w\" sizes=\"auto, (max-width: 150px) 100vw, 150px\" \/><\/td><td class=\"has-text-align-center\" data-align=\"center\"><img loading=\"lazy\" decoding=\"async\" width=\"150\" height=\"150\" class=\"wp-image-648\" style=\"width: 150px;\" src=\"https:\/\/iv.pleasure-bay.com\/wp-content\/uploads\/2024\/12\/marquis.jpg\" alt=\"\" srcset=\"https:\/\/www.pleasure-bay.com\/wp-content\/uploads\/2024\/12\/marquis.jpg 260w, https:\/\/www.pleasure-bay.com\/wp-content\/uploads\/2024\/12\/marquis-150x150.jpg 150w, https:\/\/www.pleasure-bay.com\/wp-content\/uploads\/2024\/12\/marquis-12x12.jpg 12w\" sizes=\"auto, (max-width: 150px) 100vw, 150px\" \/><\/td><\/tr><tr><td class=\"has-text-align-center\" data-align=\"center\">Prometheus Produktionen GmbH<br>Parkstra\u00dfe 15<br>80469 M\u00fcnchen<br>Germany<\/td><td class=\"has-text-align-center\" data-align=\"center\">U-Line UG (haftungsbeschr\u00e4nkt)<br>Neudorf 6<br>64756 Mossautal<br>Germany<\/td><\/tr><\/tbody><\/table><\/figure>\n\n\n\n<p><br><br><strong>Alternative Streitbeilegung:<\/strong><br>Die Europ\u00e4ische Kommission stellt eine Plattform f\u00fcr die au\u00dfergerichtliche Online-Streitbeilegung (OS-Plattform) bereit, aufrufbar unter\u00a0<a href=\"https:\/\/ec.europa.eu\/consumers\/odr\" target=\"_blank\" rel=\"noreferrer noopener\">https:\/\/ec.europa.eu\/odr<\/a>.<br><br><strong>Jugendschutzbeauftragte gem\u00e4\u00df \u00a7 7 Abs. 1 JMStV<\/strong><br><br><strong>Cornelia Huck und Christian Leopold<\/strong><br><br>H\u00e4ndlerbund Management AG<br>vertreten durch den Vorstand:<br>Tim Arlt, Vorstandsvorsitzender (CEO)<br>Andreas Arlt (Chairman)<br>Torgauer Stra\u00dfe 233,\u00a0Arcus Park<br>04347 Leipzig<br>Deutschland<br>Telefon: 0049 341 &#8211; 92 65 90<br>Telefax: 0049 341 &#8211; 92 65 9100<br>E-Mail: cornelia.huck@haendlerbund.de<br>E-Mail: christian.leopold@haendlerbund.de<br>Internet:\u00a0<a href=\"http:\/\/www.haendlerbund.de\/\">www.haendlerbund.de<\/a><br>eingetragen im Handelsregister des Amtsgerichtes Leipzig<br>Handelsregisternummer HRB 26667<br><br><strong>Wir sind seit\u00a002.11.2020\u00a0Mitglied der Initiative &#8220;FairCommerce&#8221;.<\/strong><br>N\u00e4here Informationen hierzu finden Sie unter\u00a0<a href=\"https:\/\/www.haendlerbund.de\/de\/haendlerbund\/interessenvertretung\/faircommerce\" target=\"_blank\" rel=\"noreferrer noopener\">www.haendlerbund.de\/faircommerce<\/a>.<\/p>","protected":false},"excerpt":{"rendered":"<p>PLEASURE BAY is organized by Prometheus Produktionen GmbHParkstra\u00dfe 1580469 M\u00fcnchenGermany U-Line UG (haftungsbeschr\u00e4nkt)Neudorf 664756 MossautalGermany Alternative Streitbeilegung:Die Europ\u00e4ische Kommission stellt eine Plattform f\u00fcr die au\u00dfergerichtliche Online-Streitbeilegung (OS-Plattform) bereit, aufrufbar unter\u00a0https:\/\/ec.europa.eu\/odr. Jugendschutzbeauftragte gem\u00e4\u00df \u00a7 7 Abs. 1 JMStV Cornelia Huck und Christian Leopold H\u00e4ndlerbund Management AGvertreten durch den Vorstand:Tim Arlt, Vorstandsvorsitzender (CEO)Andreas Arlt (Chairman)Torgauer Stra\u00dfe 233,\u00a0Arcus [&hellip;]<\/p>\n","protected":false},"author":1,"featured_media":0,"parent":0,"menu_order":0,"comment_status":"closed","ping_status":"closed","template":"","meta":{"footnotes":""},"class_list":["post-378","page","type-page","status-publish","hentry"],"_links":{"self":[{"href":"https:\/\/www.pleasure-bay.com\/de\/wp-json\/wp\/v2\/pages\/378","targetHints":{"allow":["GET"]}}],"collection":[{"href":"https:\/\/www.pleasure-bay.com\/de\/wp-json\/wp\/v2\/pages"}],"about":[{"href":"https:\/\/www.pleasure-bay.com\/de\/wp-json\/wp\/v2\/types\/page"}],"author":[{"embeddable":true,"href":"https:\/\/www.pleasure-bay.com\/de\/wp-json\/wp\/v2\/users\/1"}],"replies":[{"embeddable":true,"href":"https:\/\/www.pleasure-bay.com\/de\/wp-json\/wp\/v2\/comments?post=378"}],"version-history":[{"count":6,"href":"https:\/\/www.pleasure-bay.com\/de\/wp-json\/wp\/v2\/pages\/378\/revisions"}],"predecessor-version":[{"id":649,"href":"https:\/\/www.pleasure-bay.com\/de\/wp-json\/wp\/v2\/pages\/378\/revisions\/649"}],"wp:attachment":[{"href":"https:\/\/www.pleasure-bay.com\/de\/wp-json\/wp\/v2\/media?parent=378"}],"curies":[{"name":"wp","href":"https:\/\/api.w.org\/{rel}","templated":true}]}}